{"id":235,"date":"2022-12-06T22:59:22","date_gmt":"2022-12-06T22:59:22","guid":{"rendered":"http:\/\/butler.ucd.ie\/?page_id=235"},"modified":"2022-12-07T08:57:48","modified_gmt":"2022-12-07T08:57:48","slug":"first-european-isolates-of-saccharomyces-eubayanus","status":"publish","type":"page","link":"http:\/\/butler.ucd.ie\/index.php\/first-european-isolates-of-saccharomyces-eubayanus\/","title":{"rendered":"First European isolates of Saccharomyces eubayanus"},"content":{"rendered":"\n<p>Read the paper in FEMS Yeast Research at &nbsp;<a rel=\"noreferrer noopener\" href=\"https:\/\/academic.oup.com\/femsyr\/article-lookup\/doi\/10.1093\/femsyr\/foac053\" target=\"_blank\">https:\/\/academic.oup.com\/femsyr\/article-lookup\/doi\/10.1093\/femsyr\/foac053<\/a><\/p>\n\n\n\n<p>Read more about the history of brewing: <a href=\"https:\/\/www.embopress.org\/doi\/full\/10.15252\/embr.202256355?af=R\">A short history of beer brewing, by L. Raihofer, M. Zarnow, M Gastl and M. Hutzler (2022) EMBO Reports:e56355<\/a><\/p>\n\n\n\n<p>Staff involved in teaching the modules: <a href=\"http:\/\/butler.ucd.ie\/\">Professor Geraldine Butler,<\/a> <a href=\"http:\/\/wolfe.ucd.ie\/\">Professor Ken Wolfe<\/a>, <a href=\"https:\/\/people.ucd.ie\/tadhg.ocroinin\">Dr Tadhg \u00d3 Cr\u00f3in\u00edn<\/a>, <a href=\"https:\/\/people.ucd.ie\/kevin.byrne\">Dr Kevin Byrne<\/a>, <a href=\"https:\/\/www.researchgate.net\/profile\/Lisa-Lombardi\">Dr Lisa Lombardi<\/a>, and <a href=\"https:\/\/people.ucd.ie\/peadar.ogaora\">Assoc Prof Peadar O&#8217;Gaora<\/a>. PhD students in 2021\/2022: Sean Bergin, Conor Hession, Eoin \u00d3 Cinn\u00e9ide and Adam Ryan.<\/p>\n\n\n\n<p>Humans have been brewing beer for millennia &#8211; some of the oldest breweries date from 6,000-3,000 BCE, from Turkey, Egypt, China and Israel. By the middle ages most villages (and possibly many households) in Europe brewed beer &#8211; it was safer to drink than water, because the alcohol suppressed the growth of bacteria. <\/p>\n\n\n\n<p>The ingredients used varied throughout the years: various sources of sugars and flavourings were tried.  There was a general shift to using grains like barley as sugar sources, and many fermentations were likely started using leftover bread and sourdough. Grains were particularly popular in northern countries which were too cold to grow grapes.  In the  Netherlands, Belgium and Germany, beers were flavoured using grut, a mixture of herbs including common heather, gale and yarrow. In the 14th and 15th centuries, grut was replaced with hops, which had better antibacterial properties.<\/p>\n\n\n\n<p>The beer purity laws in Bavaria in 1516 restricted the components of beer to barley (the malt), hops and water. Yeast was not mentioned, because they did not know that a biological organism was needed to ferment the sugars to alcohol. However, even medieval brewers knew that the foam from the top of an old fermentation (gischt, or yeast) was needed to start a new brew. Yeast were first seen under a microscope by Antonie van Leeuwenhoek in 1680, and in 1867 Louis Pasteur showed that the yeast <em>Saccharomyces cerevisiae<\/em> was necessary for fermentation. <em>S. cerevisiae<\/em> (bakers&#8217; or brewers&#8217; yeast) is still used to brew ales and stouts, to make wine, and to make bread, all over the world.<\/p>\n\n\n\n<p>During the 1500s however something major happened. An edict from Albrecht V in Bavaria restricted brewing to the colder months (between 29 September, the Feast of St. Michael, and 23 April, the Feast of Saint George) to help reduce bacterial contamination (off flavours), and possibly to minimise the risk from fire. The brewers dug large cellars for cold storage over the summer (lagering). This coincided with the development of new beers and the appearance of a new yeast that didn&#8217;t float to the top like <em>S. cerevisiae<\/em> (a top fermenter) but instead sank to the bottom (a bottom fermenter). The &#8220;lager&#8221; yeast was eventually purified by Emil Christian Hansen working in the Carlsberg Laboratory at the end of the 19th century. Originally called <em>Saccharomyces carlsbergenesis<\/em>, we now know it as <em>Saccharomyces pastorianus<\/em> (named after Pasteur). Hansen supplied many breweries with pure cultures of the lager yeast, and today &gt;90% of the beers brewed worldwide are lagers.<\/p>\n\n\n\n<p><em>Saccharomyces pastorianus<\/em> is an unusual organism. It is found only in breweries, and is never found in the wild. Following advances in DNA sequencing technologies in the late 20th century it became clear that <em>S. pastorianus<\/em> is a hybrid, formed by mating between <em>S. cerevisiae<\/em> and a second unknown parent species, much like a mule is a hybrid between a donkey and a horse. This hybridisation probably happened in a brewery in Bavaria in the late 1500s. The mystery of the second parent was solved in 2011 when Diego Libkind and his co-workers discovered <a href=\"https:\/\/pubmed.ncbi.nlm.nih.gov\/21873232\/\">natural isolates of the second parent, now called <em>Saccharomyces eubayanus, <\/em>in Patagonia.<\/a> The genetic contribution of the cold-tolerant <em>S. eubayanus<\/em> helped <em>S. pastorianus<\/em> adapt to the lower temperatures. But how did <em>S. eubayanus<\/em> get to Bavaria? Early theories that it may have been carried across the Atlantic by ships are unlikely , particularly as isolates were subsequently found on the Tibetan Plateau, North America and New Zealand. Subsequent detailed analysis (including from<a href=\"https:\/\/pubmed.ncbi.nlm.nih.gov\/32357148\/\"> Francisco Cubillos<\/a> and <a href=\"https:\/\/journals.plos.org\/plosgenetics\/article?id=10.1371\/journal.pgen.1008680\">Chris Todd Hittinger<\/a>) suggests that <em>S. eubayanus<\/em> arose in Patagonia and colonised the rest of the word during the post-glacial period, probably carried by insects, birds and animals. It is likely that <em>S. eubayanus<\/em> reached Europe at some stage, but was it there in the 1500s, and is it still there?<\/p>\n\n\n\n<p>Intriguing hints from <a href=\"https:\/\/pubmed.ncbi.nlm.nih.gov\/30507071\/\">Daniela Delneri&#8217;s<\/a> group at Manchester University, who sequenced DNA from soil without isolating individual species in 2019, suggested that <em>S. eubayanus<\/em> might be lurking in the Italian Alps. However, the most exciting recent breakthrough came from undergraduate students at University College Dublin. Third year students studying Microbiology or Genetics have the opportunity to take two research modules. In one, they collect soil samples, attempt to isolate yeasts, and then sequence a small region of the DNA (the ribosomal DNA) to try and identify the species. They then choose four or five species for further analysis, including sequencing their entire genomes (working out the genetic code). In the second module, they learn how to assemble the genomes (something like building a jigsaw, except with millions of pieces). The students have made several exciting findings, including finding a brand new species (more details available at the <a href=\"http:\/\/butler.ucd.ie\/index.php\/butler-lab__trashed\/fantastic-yeasts-and-where-to-find-them\/\">Wild Yeast Project:<\/a> <a href=\"http:\/\/butler.ucd.ie\/index.php\/butler-lab__trashed\/fantastic-yeasts-and-where-to-find-them\/\">Fantastic Yeasts and Where to Find Them<\/a>). <\/p>\n\n\n\n<div class=\"is-layout-flex wp-block-buttons\"><\/div>\n\n\n\n<figure class=\"wp-block-image size-full\"><img decoding=\"async\" loading=\"lazy\" width=\"1000\" height=\"667\" src=\"http:\/\/butler.ucd.ie\/wp-content\/uploads\/2022\/12\/IClass_small.jpg\" alt=\"\" class=\"wp-image-253\" srcset=\"http:\/\/butler.ucd.ie\/wp-content\/uploads\/2022\/12\/IClass_small.jpg 1000w, http:\/\/butler.ucd.ie\/wp-content\/uploads\/2022\/12\/IClass_small-300x200.jpg 300w, http:\/\/butler.ucd.ie\/wp-content\/uploads\/2022\/12\/IClass_small-768x512.jpg 768w\" sizes=\"(max-width: 1000px) 100vw, 1000px\" \/><figcaption class=\"wp-element-caption\">Class of 21\/22. Back row (from left) Adam Ryan (PhD student), Dr Tadhg O Cr\u00f3in\u00edn, Prof Ken Wolfe, Ryan Davey (undergrad), Sean Bergin (PhD student), Dr Kevin Byrne, Conor Hession (PhD student), Ben O&#8217;Leary Chaney (undergrad)<br>Front row: Eoin \u00d3 Cinn\u00e9ide (PhD student), Luke Moore (undergrad), Jiaran Gao (undergrad), Julia Welc (undergrad), Fouz Alqaderi&nbsp;(undergrad), Shafik Oubihi (undergrad), Alexandra Mashova (undergrad), Stephen Allen (undergrad), Aida Don (undergrad), Heytham Ghnewa (undergrad), Prof Geraldine Butler<br>Missing from photo: Athaliah Fubara, Blessing Igharo, Cian Smith, and Sarah Redmond (undergrads). Photo: Craig Slattery.<\/figcaption><\/figure>\n\n\n\n<p><\/p>\n\n\n<div class=\"wp-block-image\">\n<figure class=\"alignleft size-full is-resized\"><img decoding=\"async\" loading=\"lazy\" src=\"http:\/\/butler.ucd.ie\/wp-content\/uploads\/2022\/12\/AthaliahFubara.jpg\" alt=\"\" class=\"wp-image-255\" width=\"137\" height=\"188\" srcset=\"http:\/\/butler.ucd.ie\/wp-content\/uploads\/2022\/12\/AthaliahFubara.jpg 546w, http:\/\/butler.ucd.ie\/wp-content\/uploads\/2022\/12\/AthaliahFubara-218x300.jpg 218w\" sizes=\"(max-width: 137px) 100vw, 137px\" \/><figcaption class=\"wp-element-caption\">Athaliah Fubara<\/figcaption><\/figure><\/div>\n\n<div class=\"wp-block-image\">\n<figure class=\"alignright size-full is-resized\"><img decoding=\"async\" src=\"http:\/\/butler.ucd.ie\/wp-content\/uploads\/2022\/12\/BlessingIgharo.jpg\" alt=\"\" class=\"wp-image-266\" width=\"150\" srcset=\"http:\/\/butler.ucd.ie\/wp-content\/uploads\/2022\/12\/BlessingIgharo.jpg 500w, http:\/\/butler.ucd.ie\/wp-content\/uploads\/2022\/12\/BlessingIgharo-300x292.jpg 300w\" sizes=\"(max-width: 500px) 100vw, 500px\" \/><figcaption class=\"wp-element-caption\">Blessing Igharo<\/figcaption><\/figure><\/div>\n\n\n<p>In September 2021, the students collected soil samples from all over the Belfield campus of UCD. Stephen Allen collected some from a secluded wooded area. The initial ribosomal DNA sequence showed that two of his isolates were <em>Saccharomyces<\/em> species and hinted that they might be <em>S. eubayanus<\/em>. However, there wasn&#8217;t enough information to be sure. PhD students Conor Hession, Eoin \u00d3 Cinn\u00e9ide and Adam Ryan hurriedly prepared DNA and sequenced it in the <a href=\"http:\/\/butler.ucd.ie\/\">Butler<\/a> and <a href=\"http:\/\/wolfe.ucd.ie\/\">Wolfe<\/a> labs using a portable DNA sequencer (MinION) from <a href=\"https:\/\/nanoporetech.com\/\">Oxford Nanopore Technologies<\/a>. Professor Geraldine Butler hovered over the machine waiting for the raw data. There was great excitement when we realised that Stephen had collected the first known isolates of <em>Saccharomyces eubayanus<\/em>, showing that the species can be found in Europe.<\/p>\n\n\n<div class=\"wp-block-image\">\n<figure class=\"alignleft size-full is-resized\"><img decoding=\"async\" loading=\"lazy\" src=\"http:\/\/butler.ucd.ie\/wp-content\/uploads\/2022\/12\/SarahRedmond_sm.jpg\" alt=\"\" class=\"wp-image-270\" width=\"150\" height=\"200\" srcset=\"http:\/\/butler.ucd.ie\/wp-content\/uploads\/2022\/12\/SarahRedmond_sm.jpg 600w, http:\/\/butler.ucd.ie\/wp-content\/uploads\/2022\/12\/SarahRedmond_sm-225x300.jpg 225w\" sizes=\"(max-width: 150px) 100vw, 150px\" \/><figcaption class=\"wp-element-caption\">Sarah Redmond continued working on <em>S. eubayanus<\/em> for her final year undergraduate project.<\/figcaption><\/figure><\/div>\n\n<div class=\"wp-block-image\">\n<figure class=\"alignright size-large is-resized\"><img decoding=\"async\" loading=\"lazy\" src=\"http:\/\/butler.ucd.ie\/wp-content\/uploads\/2022\/12\/StephenAllen-768x1024.jpg\" alt=\"\" class=\"wp-image-256\" width=\"192\" height=\"256\" srcset=\"http:\/\/butler.ucd.ie\/wp-content\/uploads\/2022\/12\/StephenAllen-768x1024.jpg 768w, http:\/\/butler.ucd.ie\/wp-content\/uploads\/2022\/12\/StephenAllen-225x300.jpg 225w, http:\/\/butler.ucd.ie\/wp-content\/uploads\/2022\/12\/StephenAllen.jpg 1000w\" sizes=\"(max-width: 192px) 100vw, 192px\" \/><figcaption class=\"wp-element-caption\">Stephen Allen, showing where he found <em>S. eubayanus<\/em><\/figcaption><\/figure><\/div>\n\n\n<p>PhD student Sean Bergin (part of the <a href=\"https:\/\/genomicsdatascience.ie\/\">SFI CRT Centre for Research Training in Genomics Data Science<\/a>) looked carefully for any hints from the genome sequences.  He showed that the Irish isolates belonged to the &#8220;Holarctic clade&#8221;, a group of <em>S. eubayanus<\/em> previously found in the Tibetan Plateau, North America and New Zealand that are more closely related to the <em>S. eubayanus<\/em> component of the lager yeast <em>S. pastorianus<\/em> than any isolate from Patagonia. However, the Tibetan isolates are slightly more closely related than the Irish ones are &#8211; we estimate that a Tibetan-like population contributed 50-56% of the <em>S. eubayanus<\/em> genome to <em>S. pastorianus, <\/em>and an Irish-like population contributed 38-42%. Moreover, Conor Hession showed that the Irish isolates don&#8217;t grow well on the sugar maltose, a key component of the barley &#8220;malt&#8221;. This means that although we showed that <em>S. eubayanus<\/em> can live in Europe, there may be an as yet undiscovered population somewhere else, maybe in Germany, that is even more closely related to the <em>S. eubayanus<\/em> parent of <em>S. pastorianus.<\/em><\/p>\n\n\n\n<p>What come next? We have looked for more Irish isolates of <em>S. eubayanus<\/em> (and we think we have found them!). We are also curious to know if the Irish isolates can produce a decent beer. Heineken have made &#8220;<a href=\"https:\/\/www.nationalgeographic.com\/travel\/article\/sponsor-content-wild-lager-story\">wild beers<\/a>&#8221; from other <em>S. eubayanus<\/em> isolates. We are looking for a commercial partner that would help us make a local beer, either using <em>S. eubayanus<\/em> alone, or as a hybrid with an ale yeast (see <a href=\"https:\/\/www.ucd.ie\/innovation\/\">Nova UCD<\/a> for <a href=\"https:\/\/www.ucd.ie\/innovation\/filebank\/novel_european_s_eubayanus_strains.pdf\">licensing opportunities<\/a>). Finally, we hope we will stimulate other groups to go out and look for more European isolates of <em>S. eubayanus<\/em>. We have shown that you don&#8217;t need an expensive expedition or complex methods &#8211; sometimes enthusiastic students can make the most exciting discoveries in their own backyard,<\/p>\n\n\n\n<div class=\"is-layout-flex wp-block-buttons\">\n<div class=\"wp-block-button\"><a class=\"wp-block-button__link wp-element-button\" href=\"http:\/\/butler.ucd.ie\/index.php\/butler-lab__trashed\/fantastic-yeasts-and-where-to-find-them\/\">Wild Yeast Project<\/a><\/div>\n<\/div>\n\n\n\n<div class=\"is-layout-flex wp-block-buttons\">\n<div class=\"wp-block-button\"><a class=\"wp-block-button__link wp-element-button\" href=\"http:\/\/butler.ucd.ie\/\">Butler lab home page<\/a><\/div>\n<\/div>\n","protected":false},"excerpt":{"rendered":"<p>Read the paper in FEMS Yeast Research at &nbsp;https:\/\/academic.oup.com\/femsyr\/article-lookup\/doi\/10.1093\/femsyr\/foac053 Read more about the history of brewing: A short history of beer brewing, by L. Raihofer, M. Zarnow, M Gastl and M. Hutzler (2022) EMBO Reports:e56355 Staff involved in teaching the modules: Professor Geraldine Butler, Professor Ken Wolfe, Dr Tadhg \u00d3&hellip;<\/p>\n","protected":false},"author":1,"featured_media":0,"parent":0,"menu_order":0,"comment_status":"closed","ping_status":"closed","template":"","meta":[],"_links":{"self":[{"href":"http:\/\/butler.ucd.ie\/index.php\/wp-json\/wp\/v2\/pages\/235"}],"collection":[{"href":"http:\/\/butler.ucd.ie\/index.php\/wp-json\/wp\/v2\/pages"}],"about":[{"href":"http:\/\/butler.ucd.ie\/index.php\/wp-json\/wp\/v2\/types\/page"}],"author":[{"embeddable":true,"href":"http:\/\/butler.ucd.ie\/index.php\/wp-json\/wp\/v2\/users\/1"}],"replies":[{"embeddable":true,"href":"http:\/\/butler.ucd.ie\/index.php\/wp-json\/wp\/v2\/comments?post=235"}],"version-history":[{"count":36,"href":"http:\/\/butler.ucd.ie\/index.php\/wp-json\/wp\/v2\/pages\/235\/revisions"}],"predecessor-version":[{"id":309,"href":"http:\/\/butler.ucd.ie\/index.php\/wp-json\/wp\/v2\/pages\/235\/revisions\/309"}],"wp:attachment":[{"href":"http:\/\/butler.ucd.ie\/index.php\/wp-json\/wp\/v2\/media?parent=235"}],"curies":[{"name":"wp","href":"https:\/\/api.w.org\/{rel}","templated":true}]}}